{"id":328,"date":"2013-09-24T11:23:27","date_gmt":"2013-09-24T09:23:27","guid":{"rendered":"http:\/\/umbau.ferrodecont.at.w013bc80.kasserver.com\/impressum-2\/"},"modified":"2025-07-23T18:52:53","modified_gmt":"2025-07-23T16:52:53","slug":"impressum","status":"publish","type":"page","link":"https:\/\/www.ferrodecont.at\/en\/impressum\/","title":{"rendered":"Imprint"},"content":{"rendered":"<div class=\"wpb-content-wrapper\"><p>[vc_row][vc_column][vc_row_inner][vc_column_inner width=&#8221;1\/4&#8243;][vc_column_text]<strong>Provider of this website:<\/strong><\/p>\n<p>ferroDECONT GmbH<\/p>\n<p>Peter-Tunner-Stra\u00dfe 19<\/p>\n<p>8700 Leoben<\/p>\n<p>\u00d6sterreich<\/p>\n<p>&nbsp;<\/p>\n<p>Managing Partners:<\/p>\n<p>Dipl.-Ing. Peter M\u00fcller<\/p>\n<p>Robert Mischitz<\/p>\n<p>&nbsp;<\/p>\n<p>E-Mail: <a href=\"mailto:office@ferrodecont.at\">office@ferrodecont.at<\/a>[\/vc_column_text][\/vc_column_inner][vc_column_inner width=&#8221;1\/4&#8243;][vc_column_text]<\/p>\n<p style=\"text-align: left;\"><a href=\"http:\/\/firmen.wko.at\/Web\/DetailsInfos.aspx?FirmaID=671eafb2-8a70-492a-98cf-087a21a4cdd7&amp;StandortID=0&amp;Suchbegriff=ferrodecont&amp;Page=1\" target=\"_blank\" rel=\"noopener noreferrer\"><img loading=\"lazy\" decoding=\"async\" class=\"alignnone size-full wp-image-226\" src=\"https:\/\/www.ferrodecont.at\/wp-content\/uploads\/2013\/09\/informationspflicht_logo_wko.gif\" rel='magnific' alt=\"informationspflicht_logo_wko\" width=\"169\" height=\"23\" \/><\/a><\/p>\n<p>[\/vc_column_text][vc_column_text]<\/p>\n<p style=\"text-align: left;\"><strong>Member of the Austrian Federal Economic Chamber:<\/strong><\/p>\n<p style=\"text-align: left;\">Collection and treatment of wastes and effluents<\/p>\n<p style=\"text-align: left;\">Chemical Laboratories<\/p>\n<p>[\/vc_column_text][vc_column_text]<\/p>\n<p style=\"text-align: left;\">VAT Number: ATU68038045<\/p>\n<p style=\"text-align: left;\">Commercial Registration Number: 399096g<\/p>\n<p style=\"text-align: left;\">Jurisdiction: Commercial Register Leoben<\/p>\n<p>[\/vc_column_text][\/vc_column_inner][vc_column_inner width=&#8221;1\/4&#8243;][vc_column_text]<strong>Concept &amp; webdesign:<\/strong><\/p>\n<p>IMPULS Werbeagentur OG<\/p>\n<p>Stadtplatz 11<\/p>\n<p>A-5550 Radstadt<\/p>\n<p>&nbsp;<\/p>\n<p><a title=\"IMPULS Werbeagentur im Salzburger Pongau f\u00fcr CMS-Homepage, Webdesign, Online Marketing, Suchmaschinenoptimierung, Webshop, Social Media, Imagefilm, 360 Grad Fotografie, Corporate Identity, Drucksorten, Outdoor Media\" href=\"http:\/\/www.impuls-werbeagentur.at\" target=\"_blank\" rel=\"noopener noreferrer\">www.impuls-werbeagentur.at<\/a>[\/vc_column_text][\/vc_column_inner][vc_column_inner width=&#8221;1\/4&#8243;][vc_column_text]<strong>Picture credits:<\/strong><\/p>\n<p>shutterstock.com<\/p>\n<p>ferroDECONT GmbH<\/p>\n<p>Wikipedia[\/vc_column_text][\/vc_column_inner][\/vc_row_inner][\/vc_column][\/vc_row][vc_row][vc_column][vc_column_text]<\/p>\n<h3>Website disclaimer<\/h3>\n<p>[\/vc_column_text][vc_row_inner][vc_column_inner width=&#8221;1\/2&#8243;][vc_column_text]Welcome to our website. If you continue to browse and use this website, you are agreeing to comply with and be bound by the following terms and conditions of use, which together with our privacy policy govern ferroDECONT Ltd.\u2019s relationship with you in relation to this website. If you disagree with any part of these terms and conditions, please do not use our website.<\/p>\n<p>The term \u2018ferroDECONT Ltd.\u2019 or \u2018us\u2019 or \u2018we\u2019 refers to the owner of the website whose registered office is Peter-Tunner-Stra\u00dfe 19, 8700 Leoben.<\/p>\n<p>Our company registration number is 399096g, Jurisdiction: Commercial Register Leoben. The term \u2018you\u2019 refers to the user or viewer of our website.<\/p>\n<p>&nbsp;<\/p>\n<p>The use of this website is subject to the following terms of use:<\/p>\n<ul>\n<li>The content of the pages of this website is for your general information and use only. It is subject to change without notice.<\/li>\n<li>Neither we nor any third parties provide any warranty or guarantee as to the accuracy, timeliness, performance, completeness or suitability of the information and materials found or offered on this website for any particular purpose. You acknowledge that such information and materials may contain inaccuracies or errors and we expressly exclude liability for any such inaccuracies or errors to the fullest extent permitted by law.<\/li>\n<li>Your use of any information or materials on this website is entirely at your own risk, for which we shall not be liable. It shall be your own responsibility to ensure that any products, services or information available through this website meet your specific requirements.<\/li>\n<li>This website contains material which is owned by or licensed to us. This material includes, but is not limited to, the design, layout, look, appearance and graphics. Reproduction is prohibited other than in accordance with the copyright notice, which forms part of these terms and conditions.<\/li>\n<li>All trademarks reproduced in this website, which are not the property of, or licensed to the operator, are acknowledged on the website.<\/li>\n<li>Unauthorised use of this website may give rise to a claim for damages and\/or be a criminal offence.<\/li>\n<li>From time to time, this website may also include links to other websites. These links are provided for your convenience to provide further information. They do not signify that we endorse the website(s). We have no responsibility for the content of the linked website(s).<\/li>\n<li>Your use of this website and any dispute arising out of such use of the website is subject to the laws of Austria.<\/li>\n<\/ul>\n<p>&nbsp;<\/p>\n<p><strong>Confidentiality<\/strong><\/p>\n<p align=\"JUSTIFY\">This privacy policy sets out how ferroDECONT Ltd. uses and protects any information that you give ferroDECONT Ltd. when you use this website.<\/p>\n<p>ferroDECONT Ltd. is committed to ensuring that your privacy is protected. Should we ask you to provide certain information by which you can be identified when using this website, then you can be assured that it will only be used in accordance with this privacy statement.<\/p>\n<p>ferroDECONT Ltd. may change this policy from time to time by updating this page. You should check this page from time to time to ensure that you are happy with any changes. This policy is effective from 20th September 2013.<\/p>\n<p>&nbsp;<\/p>\n<p><em>What we collect<\/em><\/p>\n<p>We may collect the following information:<\/p>\n<ul>\n<li>name and job title<\/li>\n<li>contact information including email address<\/li>\n<li>demographic information such as postcode, preferences and interests<\/li>\n<li>other information relevant to customer surveys and\/or offers<\/li>\n<\/ul>\n<p><em>What we do with the information we gather<\/em><\/p>\n<p>We require this information to understand your needs and provide you with a better service, and in particular for the following reasons:<\/p>\n<ul>\n<li>Internal record keeping.<\/li>\n<li>We may use the information to improve our products and services.<\/li>\n<li>We may periodically send promotional emails about new products, special offers or other information which we think you may find interesting using the email address which you have provided.<\/li>\n<li>From time to time, we may also use your information to contact you for market research purposes. We may contact you by email, phone, fax or mail. We may use the information to customise the website according to your interests.<\/li>\n<\/ul>\n<p><em>Security<\/em><\/p>\n<p align=\"JUSTIFY\">We are committed to ensuring that your information is secure. In order to prevent unauthorised access or disclosure, we have put in place suitable physical, electronic and managerial procedures to safeguard and secure the information we collect online.<\/p>\n<p>[\/vc_column_text][\/vc_column_inner][vc_column_inner width=&#8221;1\/2&#8243;][vc_column_text]<strong>Copyright notice<\/strong><\/p>\n<p>This website and its content is copyright of ferroDECONT Ltd. &#8211; \u00a9 ferroDECONT Ltd. 2013. All rights reserved.<\/p>\n<p>Any redistribution or reproduction of part or all of the contents in any form is prohibited other than the following:<\/p>\n<ul>\n<li>you may print or download to a local hard disk extracts for your personal and non-commercial use only<\/li>\n<li>you may copy the content to individual third parties for their personal use, but only if you acknowledge the website as the source of the material.<\/li>\n<\/ul>\n<p align=\"JUSTIFY\">You may not, except with our express written permission, distribute or commercially exploit the content. Nor may you transmit it or store it in any other website or other form of electronic retrieval system.<\/p>\n<p align=\"JUSTIFY\"><strong>\u00a0<\/strong><\/p>\n<p>[\/vc_column_text][vc_column_text][\/vc_column_text][\/vc_column_inner][\/vc_row_inner][\/vc_column][\/vc_row][vc_row][vc_column][vc_column_text]<\/p>\n<p style=\"text-align: left;\">[\/vc_column_text][\/vc_column][\/vc_row][vc_row][vc_column][vc_column_text]<\/p>\n<p style=\"text-align: left;\">[\/vc_column_text][\/vc_column][\/vc_row][vc_row][vc_column][vc_column_text]<\/p>\n<p style=\"text-align: left;\">[\/vc_column_text][\/vc_column][\/vc_row][vc_row][vc_column][vc_column_text]<\/p>\n<p style=\"text-align: left;\">[\/vc_column_text][\/vc_column][\/vc_row][vc_row][vc_column][vc_column_text]<\/p>\n<p style=\"text-align: left;\">[\/vc_column_text][\/vc_column][\/vc_row][vc_row][vc_column][vc_column_text]<\/p>\n<p>[\/vc_column_text][\/vc_column][\/vc_row]<\/p>\n<\/div>","protected":false},"excerpt":{"rendered":"<p>[vc_row][vc_column][vc_row_inner][vc_column_inner width=&#8221;1\/4&#8243;][vc_column_text]Provider of this website: ferroDECONT GmbH Peter-Tunner-Stra\u00dfe 19 8700 Leoben \u00d6sterreich &nbsp; Managing Partners: Dipl.-Ing. Peter M\u00fcller Robert Mischitz &nbsp; E-Mail: office@ferrodecont.at[\/vc_column_text][\/vc_column_inner][vc_column_inner width=&#8221;1\/4&#8243;][vc_column_text] [\/vc_column_text][vc_column_text] Member of the Austrian Federal Economic Chamber: Collection and treatment of wastes and effluents Chemical Laboratories [\/vc_column_text][vc_column_text] VAT Number: ATU68038045 Commercial Registration Number: 399096g Jurisdiction: Commercial Register Leoben [\/vc_column_text][\/vc_column_inner][vc_column_inner width=&#8221;1\/4&#8243;][vc_column_text]Concept &hellip;<\/p>\n\n<p><a class=\"readmore btn btn- btn- btn-block\" href=\"https:\/\/www.ferrodecont.at\/en\/impressum\/\">Read more<\/a><\/p>","protected":false},"author":4,"featured_media":0,"parent":0,"menu_order":33,"comment_status":"closed","ping_status":"closed","template":"","meta":{"rs_blank_template":"","rs_page_bg_color":"","slide_template_v7":"","footnotes":""},"class_list":["post-328","page","type-page","status-publish","hentry"],"yoast_head":"<!-- This site is optimized with the Yoast SEO plugin v26.5 - https:\/\/yoast.com\/wordpress\/plugins\/seo\/ -->\n<title>Imprint - ferroDECONT<\/title>\n<meta name=\"robots\" content=\"index, follow, max-snippet:-1, max-image-preview:large, max-video-preview:-1\" \/>\n<link rel=\"canonical\" href=\"https:\/\/www.ferrodecont.at\/en\/impressum\/\" \/>\n<meta property=\"og:locale\" content=\"en_US\" \/>\n<meta property=\"og:type\" content=\"article\" \/>\n<meta property=\"og:title\" content=\"Imprint - ferroDECONT\" \/>\n<meta property=\"og:description\" content=\"[vc_row][vc_column][vc_row_inner][vc_column_inner width=&#8221;1\/4&#8243;][vc_column_text]Provider of this website: ferroDECONT GmbH Peter-Tunner-Stra\u00dfe 19 8700 Leoben \u00d6sterreich &nbsp; Managing Partners: Dipl.-Ing. Peter M\u00fcller Robert Mischitz &nbsp; E-Mail: office@ferrodecont.at[\/vc_column_text][\/vc_column_inner][vc_column_inner width=&#8221;1\/4&#8243;][vc_column_text] [\/vc_column_text][vc_column_text] Member of the Austrian Federal Economic Chamber: Collection and treatment of wastes and effluents Chemical Laboratories [\/vc_column_text][vc_column_text] VAT Number: ATU68038045 Commercial Registration Number: 399096g Jurisdiction: Commercial Register Leoben [\/vc_column_text][\/vc_column_inner][vc_column_inner width=&#8221;1\/4&#8243;][vc_column_text]Concept &hellip;\" \/>\n<meta property=\"og:url\" content=\"https:\/\/www.ferrodecont.at\/en\/impressum\/\" \/>\n<meta property=\"og:site_name\" content=\"ferroDECONT\" \/>\n<meta property=\"article:modified_time\" content=\"2025-07-23T16:52:53+00:00\" \/>\n<meta property=\"og:image\" content=\"https:\/\/www.ferrodecont.at\/wp-content\/uploads\/2013\/09\/informationspflicht_logo_wko.gif\" \/>\n\t<meta property=\"og:image:width\" content=\"169\" \/>\n\t<meta property=\"og:image:height\" content=\"23\" \/>\n\t<meta property=\"og:image:type\" content=\"image\/gif\" \/>\n<meta name=\"twitter:label1\" content=\"Est. reading time\" \/>\n\t<meta name=\"twitter:data1\" content=\"6 minutes\" \/>\n<script type=\"application\/ld+json\" class=\"yoast-schema-graph\">{\"@context\":\"https:\/\/schema.org\",\"@graph\":[{\"@type\":\"WebPage\",\"@id\":\"https:\/\/www.ferrodecont.at\/en\/impressum\/\",\"url\":\"https:\/\/www.ferrodecont.at\/en\/impressum\/\",\"name\":\"Imprint - ferroDECONT\",\"isPartOf\":{\"@id\":\"https:\/\/www.ferrodecont.at\/#website\"},\"primaryImageOfPage\":{\"@id\":\"https:\/\/www.ferrodecont.at\/en\/impressum\/#primaryimage\"},\"image\":{\"@id\":\"https:\/\/www.ferrodecont.at\/en\/impressum\/#primaryimage\"},\"thumbnailUrl\":\"https:\/\/www.ferrodecont.at\/wp-content\/uploads\/2013\/09\/informationspflicht_logo_wko.gif\",\"datePublished\":\"2013-09-24T09:23:27+00:00\",\"dateModified\":\"2025-07-23T16:52:53+00:00\",\"breadcrumb\":{\"@id\":\"https:\/\/www.ferrodecont.at\/en\/impressum\/#breadcrumb\"},\"inLanguage\":\"en-US\",\"potentialAction\":[{\"@type\":\"ReadAction\",\"target\":[\"https:\/\/www.ferrodecont.at\/en\/impressum\/\"]}]},{\"@type\":\"ImageObject\",\"inLanguage\":\"en-US\",\"@id\":\"https:\/\/www.ferrodecont.at\/en\/impressum\/#primaryimage\",\"url\":\"https:\/\/www.ferrodecont.at\/wp-content\/uploads\/2013\/09\/informationspflicht_logo_wko.gif\",\"contentUrl\":\"https:\/\/www.ferrodecont.at\/wp-content\/uploads\/2013\/09\/informationspflicht_logo_wko.gif\"},{\"@type\":\"BreadcrumbList\",\"@id\":\"https:\/\/www.ferrodecont.at\/en\/impressum\/#breadcrumb\",\"itemListElement\":[{\"@type\":\"ListItem\",\"position\":1,\"name\":\"Home\",\"item\":\"https:\/\/www.ferrodecont.at\/en\/\"},{\"@type\":\"ListItem\",\"position\":2,\"name\":\"Imprint\"}]},{\"@type\":\"WebSite\",\"@id\":\"https:\/\/www.ferrodecont.at\/#website\",\"url\":\"https:\/\/www.ferrodecont.at\/\",\"name\":\"ferroDECONT\",\"description\":\"Eine weitere WordPress-Seite\",\"potentialAction\":[{\"@type\":\"SearchAction\",\"target\":{\"@type\":\"EntryPoint\",\"urlTemplate\":\"https:\/\/www.ferrodecont.at\/?s={search_term_string}\"},\"query-input\":{\"@type\":\"PropertyValueSpecification\",\"valueRequired\":true,\"valueName\":\"search_term_string\"}}],\"inLanguage\":\"en-US\"}]}<\/script>\n<!-- \/ Yoast SEO plugin. -->","yoast_head_json":{"title":"Imprint - ferroDECONT","robots":{"index":"index","follow":"follow","max-snippet":"max-snippet:-1","max-image-preview":"max-image-preview:large","max-video-preview":"max-video-preview:-1"},"canonical":"https:\/\/www.ferrodecont.at\/en\/impressum\/","og_locale":"en_US","og_type":"article","og_title":"Imprint - ferroDECONT","og_description":"[vc_row][vc_column][vc_row_inner][vc_column_inner width=&#8221;1\/4&#8243;][vc_column_text]Provider of this website: ferroDECONT GmbH Peter-Tunner-Stra\u00dfe 19 8700 Leoben \u00d6sterreich &nbsp; Managing Partners: Dipl.-Ing. Peter M\u00fcller Robert Mischitz &nbsp; E-Mail: office@ferrodecont.at[\/vc_column_text][\/vc_column_inner][vc_column_inner width=&#8221;1\/4&#8243;][vc_column_text] [\/vc_column_text][vc_column_text] Member of the Austrian Federal Economic Chamber: Collection and treatment of wastes and effluents Chemical Laboratories [\/vc_column_text][vc_column_text] VAT Number: ATU68038045 Commercial Registration Number: 399096g Jurisdiction: Commercial Register Leoben [\/vc_column_text][\/vc_column_inner][vc_column_inner width=&#8221;1\/4&#8243;][vc_column_text]Concept &hellip;","og_url":"https:\/\/www.ferrodecont.at\/en\/impressum\/","og_site_name":"ferroDECONT","article_modified_time":"2025-07-23T16:52:53+00:00","og_image":[{"width":169,"height":23,"url":"https:\/\/www.ferrodecont.at\/wp-content\/uploads\/2013\/09\/informationspflicht_logo_wko.gif","type":"image\/gif"}],"twitter_misc":{"Est. reading time":"6 minutes"},"schema":{"@context":"https:\/\/schema.org","@graph":[{"@type":"WebPage","@id":"https:\/\/www.ferrodecont.at\/en\/impressum\/","url":"https:\/\/www.ferrodecont.at\/en\/impressum\/","name":"Imprint - ferroDECONT","isPartOf":{"@id":"https:\/\/www.ferrodecont.at\/#website"},"primaryImageOfPage":{"@id":"https:\/\/www.ferrodecont.at\/en\/impressum\/#primaryimage"},"image":{"@id":"https:\/\/www.ferrodecont.at\/en\/impressum\/#primaryimage"},"thumbnailUrl":"https:\/\/www.ferrodecont.at\/wp-content\/uploads\/2013\/09\/informationspflicht_logo_wko.gif","datePublished":"2013-09-24T09:23:27+00:00","dateModified":"2025-07-23T16:52:53+00:00","breadcrumb":{"@id":"https:\/\/www.ferrodecont.at\/en\/impressum\/#breadcrumb"},"inLanguage":"en-US","potentialAction":[{"@type":"ReadAction","target":["https:\/\/www.ferrodecont.at\/en\/impressum\/"]}]},{"@type":"ImageObject","inLanguage":"en-US","@id":"https:\/\/www.ferrodecont.at\/en\/impressum\/#primaryimage","url":"https:\/\/www.ferrodecont.at\/wp-content\/uploads\/2013\/09\/informationspflicht_logo_wko.gif","contentUrl":"https:\/\/www.ferrodecont.at\/wp-content\/uploads\/2013\/09\/informationspflicht_logo_wko.gif"},{"@type":"BreadcrumbList","@id":"https:\/\/www.ferrodecont.at\/en\/impressum\/#breadcrumb","itemListElement":[{"@type":"ListItem","position":1,"name":"Home","item":"https:\/\/www.ferrodecont.at\/en\/"},{"@type":"ListItem","position":2,"name":"Imprint"}]},{"@type":"WebSite","@id":"https:\/\/www.ferrodecont.at\/#website","url":"https:\/\/www.ferrodecont.at\/","name":"ferroDECONT","description":"Eine weitere WordPress-Seite","potentialAction":[{"@type":"SearchAction","target":{"@type":"EntryPoint","urlTemplate":"https:\/\/www.ferrodecont.at\/?s={search_term_string}"},"query-input":{"@type":"PropertyValueSpecification","valueRequired":true,"valueName":"search_term_string"}}],"inLanguage":"en-US"}]}},"_links":{"self":[{"href":"https:\/\/www.ferrodecont.at\/en\/wp-json\/wp\/v2\/pages\/328","targetHints":{"allow":["GET"]}}],"collection":[{"href":"https:\/\/www.ferrodecont.at\/en\/wp-json\/wp\/v2\/pages"}],"about":[{"href":"https:\/\/www.ferrodecont.at\/en\/wp-json\/wp\/v2\/types\/page"}],"author":[{"embeddable":true,"href":"https:\/\/www.ferrodecont.at\/en\/wp-json\/wp\/v2\/users\/4"}],"replies":[{"embeddable":true,"href":"https:\/\/www.ferrodecont.at\/en\/wp-json\/wp\/v2\/comments?post=328"}],"version-history":[{"count":24,"href":"https:\/\/www.ferrodecont.at\/en\/wp-json\/wp\/v2\/pages\/328\/revisions"}],"predecessor-version":[{"id":2800,"href":"https:\/\/www.ferrodecont.at\/en\/wp-json\/wp\/v2\/pages\/328\/revisions\/2800"}],"wp:attachment":[{"href":"https:\/\/www.ferrodecont.at\/en\/wp-json\/wp\/v2\/media?parent=328"}],"curies":[{"name":"wp","href":"https:\/\/api.w.org\/{rel}","templated":true}]}}