{"id":1883,"date":"2020-03-03T12:10:31","date_gmt":"2020-03-03T10:10:31","guid":{"rendered":"http:\/\/umbau.ferrodecont.at\/?page_id=1883"},"modified":"2021-02-17T14:33:41","modified_gmt":"2021-02-17T12:33:41","slug":"fe","status":"publish","type":"page","link":"https:\/\/www.ferrodecont.at\/en\/leistungen\/fe\/","title":{"rendered":"R&#038;D"},"content":{"rendered":"<div class=\"wpb-content-wrapper\"><p>[vc_row][vc_column][vc_column_text]<\/p>\n<p style=\"margin: 0cm; margin-bottom: .0001pt; background: white;\"><span style=\"font-family: 'Arial',sans-serif; color: #002c46;\"><span class=\"tlid-translation translation\" lang=\"en\"><span class=\"\" title=\"\">As a spin-off company of the Montanuniversitaet Leoben with close connections to the university research area, <span class=\"t_text\">our work shows a high degree of <strong>innovation<\/strong><\/span>, which <\/span><\/span><\/span><span style=\"font-family: 'Arial',sans-serif; color: #002c46;\"><span class=\"tlid-translation translation\" lang=\"en\"><span class=\"\" title=\"\"><span class=\"t_text\">benefits our customers, especially in the context of closing the cycle for specific problem solutions.<\/span><\/span><\/span><\/span><span style=\"font-family: 'Arial',sans-serif; color: #002c46;\"><span class=\"tlid-translation translation\" lang=\"en\"><span class=\"\" title=\"\"><br \/>\n<\/span><\/span><\/span><\/p>\n<p style=\"margin: 0cm; margin-bottom: .0001pt; background: white;\"><span style=\"font-family: 'Arial',sans-serif; color: #002c46;\">\u00a0<\/span><\/p>\n<p style=\"margin: 0cm; margin-bottom: .0001pt; background: white;\"><span style=\"font-family: 'Arial',sans-serif; color: #002c46;\"><span class=\"tlid-translation translation\" lang=\"en\"><span class=\"\" title=\"\">Since 2013 we have been involved in <strong>eight university research projects<\/strong> (FFG, KPC, EIT) as applicants or partners.<\/span> <span class=\"\" title=\"\">In addition, research contracts from industry were carried out on the basis of which new patents were granted.<\/span><\/span><\/span><\/p>\n<p style=\"margin: 0cm; margin-bottom: .0001pt; background: white;\"><span style=\"font-family: 'Arial',sans-serif; color: #002c46;\">\u00a0<\/span><\/p>\n<p style=\"margin: 0cm; margin-bottom: .0001pt; background: white;\"><span style=\"font-family: 'Arial',sans-serif; color: #002c46;\"><span class=\"tlid-translation translation\" lang=\"en\"><span class=\"\" title=\"\">We have a <strong>technical center with a laboratory<\/strong> at our location in Niklasdorf, which offers the necessary infrastructure for applied research and test facilities in the field of water treatment and recovery of critical or potentially critical raw materials.<\/span><\/span><\/span><\/p>\n<p>[\/vc_column_text][\/vc_column][\/vc_row][vc_row css_animation=&#8221;none&#8221;][vc_column width=&#8221;1\/3&#8243;][\/vc_column][vc_column width=&#8221;1\/3&#8243;][vc_images_carousel images=&#8221;1748,1738,1735,1729,1726,1702,1711,1751,1699,1708,2325,2328,2339,2336&#8243; img_size=&#8221;medium&#8221; autoplay=&#8221;yes&#8221; wrap=&#8221;yes&#8221; css_animation=&#8221;appear&#8221;][\/vc_column][vc_column width=&#8221;1\/3&#8243;][\/vc_column][\/vc_row][vc_row][vc_column][vc_tta_accordion active_section=&#8221;2&#8243; css_animation=&#8221;appear&#8221; collapsible_all=&#8221;true&#8221;][vc_tta_section title=&#8221;Academic publications (excerpt)&#8221; tab_id=&#8221;1594034051345-aaf53c00-9809&#8243;][vc_column_text]Pausweg, A. &amp; M\u00fcller, P. (2020) Remediation of contaminated site K22 &#8220;Lederfabrik Dr. Hans Neuner&#8221;, Recy &amp; DepoTech, Vortr\u00e4ge-Konferenzband, 15, 505-510, Leoben.<\/p>\n<p>&nbsp;<\/p>\n<p>Vollprecht, D., Krois, L.-M., Sedlazeck, K.P., M\u00fcller, P., Mischitz, R., Olbrich, T. &amp; Pomberger, R. (2019) Removal of critical metals from waste water by zero-valent iron, Journal of Cleaner Production, 208, 1409-1420.<\/p>\n<p>&nbsp;<\/p>\n<p>Sedlazeck, K.P., Vollprecht, D., M\u00fcller, P., Mischitz, R., Gill, J., Trois, W., Maunz, I., Frate, R., Mann, O. &amp; Wruss, K. (2019) Decomposition of dissolved organic contaminants by combining a boron-doped diamond electrode, zero-valent iron and ultraviolet radiation, Chemosphere, 217, 897-904.<\/p>\n<p>&nbsp;<\/p>\n<p>M\u00fcller, P., Mischitz, R., Binder, B., Sedlazeck, K.P., Vollprecht, D., Trois, W., Maunz, I. &amp; Frate, R.C. (2018) ZEROS \u2013 Zerst\u00f6rung organischer Schadstoffe in W\u00e4ssern mittels innovativer Verfahrenskombination (Teil 1), Recy &amp; DepoTech, Poster-Konferenzband, 14, 241-246, Leoben.<\/p>\n<p>&nbsp;<\/p>\n<p>Sedlazeck, K.P., Vollprecht, D., Gill, J., Hartl, M., M\u00fcller, P., Mischitz, R., Trois, W., Maunz, I. &amp; Frate, R.C. (2018) ZEROS \u2013 Zerst\u00f6rung organischer Schadstoffe in W\u00e4ssern mittels innovativer Verfahrenskombination (Teil 2), Recy &amp; DepoTech, Vortr\u00e4ge-Konferenzband, 14, 489-494, Leoben.<\/p>\n<p>&nbsp;<\/p>\n<p>M\u00fcller, P. &amp; Mischitz, R. (2018) Construction of Innovative Water Treatment Plants. Poster, 6th\u00a0International Conference on Industrial &amp; Hazardous Waste Management, 4.-7. Sept. 2018, Chania.<\/p>\n<p>&nbsp;<\/p>\n<p>Sedlazeck, K.P., H\u00f6llen, D., M\u00fcller, P.,\u00a0Mischitz, R.\u00a0 &amp; Gier\u00e9, R. (2017) Mineralogical and geochemical characterization of a chromium contamination in an aquifer \u2013 A combined analytical and modeling approach, Applied Geochemistry, 87, 44-56.<\/p>\n<p>&nbsp;<\/p>\n<p>Mischitz, R., M\u00fcller, P., Sedlazeck, P., H\u00f6llen, D. &amp; Olbrich, T. (2016) Treatment of Heavy Metal Contaminated Waters with Fluidized Granulated Iron, Proceedings CRETE 2016, 5th\u00a0International Conference on Industrial &amp; Hazardous Waste Management, 27.-30. Sept. 2016, Chania.<\/p>\n<p>&nbsp;<\/p>\n<p>M\u00fcller, P., Mischitz, R., H\u00f6llen, D. et al. (2016) Zero-Valent Iron for Heavy Metal Recovery from Waste Waters. Poster, 13th\u00a0IWA Specialized Conference on Small Water and Wastewater Systems, 14.-16. Sept. 2016, Athen.<\/p>\n<p>&nbsp;<\/p>\n<p>M\u00fcller, P., Lorber, K.E., Mischitz, R. &amp; Wei\u00df, C. (2014) Implementation of fluidized granulated iron reactors in a chromate remediation process, Science of the Total Environment, 485-486, 748-754.<\/p>\n<p>&nbsp;<\/p>\n<p>H\u00f6llen, D., Sedlazeck, K.P., M\u00fcller, P., Mischitz, R. &amp; Pomberger, R. (2014) Das ferroDECONT-Verfahren zur Altlastensanierung und recyclingorientierten Abwasserbehandlung, \u00d6sterreichische Wasser- und Abfallwirtschaft : \u00d6WAW ; Zeitschrift f\u00fcr alle wissenschaftlichen, technischen, rechtlichen und wirtschaftlichen Fragen des gesamten Wasser- und Abfallwesens, Bd. 66, 408-416.[\/vc_column_text][\/vc_tta_section][\/vc_tta_accordion][\/vc_column][\/vc_row]<\/p>\n<\/div>","protected":false},"excerpt":{"rendered":"<p>[vc_row][vc_column][vc_column_text] As a spin-off company of the Montanuniversitaet Leoben with close connections to the university research area, our work shows a high degree of innovation, which benefits our customers, especially in the context of closing the cycle for specific problem solutions. \u00a0 Since 2013 we have been involved in eight university research projects (FFG, KPC, &hellip;<\/p>\n\n<p><a class=\"readmore btn btn- btn- btn-block\" href=\"https:\/\/www.ferrodecont.at\/en\/leistungen\/fe\/\">Read more<\/a><\/p>","protected":false},"author":3,"featured_media":0,"parent":1908,"menu_order":12,"comment_status":"closed","ping_status":"closed","template":"","meta":{"rs_blank_template":"","rs_page_bg_color":"#ffffff","slide_template_v7":"","footnotes":""},"class_list":["post-1883","page","type-page","status-publish","hentry"],"yoast_head":"<!-- This site is optimized with the Yoast SEO plugin v26.5 - https:\/\/yoast.com\/wordpress\/plugins\/seo\/ -->\n<title>R&amp;D - ferroDECONT<\/title>\n<meta name=\"robots\" content=\"index, follow, max-snippet:-1, max-image-preview:large, max-video-preview:-1\" \/>\n<link rel=\"canonical\" href=\"https:\/\/www.ferrodecont.at\/en\/leistungen\/fe\/\" \/>\n<meta property=\"og:locale\" content=\"en_US\" \/>\n<meta property=\"og:type\" content=\"article\" \/>\n<meta property=\"og:title\" content=\"R&amp;D - ferroDECONT\" \/>\n<meta property=\"og:description\" content=\"[vc_row][vc_column][vc_column_text] As a spin-off company of the Montanuniversitaet Leoben with close connections to the university research area, our work shows a high degree of innovation, which benefits our customers, especially in the context of closing the cycle for specific problem solutions. \u00a0 Since 2013 we have been involved in eight university research projects (FFG, KPC, &hellip;\" \/>\n<meta property=\"og:url\" content=\"https:\/\/www.ferrodecont.at\/en\/leistungen\/fe\/\" \/>\n<meta property=\"og:site_name\" content=\"ferroDECONT\" \/>\n<meta property=\"article:modified_time\" content=\"2021-02-17T12:33:41+00:00\" \/>\n<meta name=\"twitter:label1\" content=\"Est. reading time\" \/>\n\t<meta name=\"twitter:data1\" content=\"3 minutes\" \/>\n<script type=\"application\/ld+json\" class=\"yoast-schema-graph\">{\"@context\":\"https:\/\/schema.org\",\"@graph\":[{\"@type\":\"WebPage\",\"@id\":\"https:\/\/www.ferrodecont.at\/en\/leistungen\/fe\/\",\"url\":\"https:\/\/www.ferrodecont.at\/en\/leistungen\/fe\/\",\"name\":\"R&D - ferroDECONT\",\"isPartOf\":{\"@id\":\"https:\/\/www.ferrodecont.at\/#website\"},\"datePublished\":\"2020-03-03T10:10:31+00:00\",\"dateModified\":\"2021-02-17T12:33:41+00:00\",\"breadcrumb\":{\"@id\":\"https:\/\/www.ferrodecont.at\/en\/leistungen\/fe\/#breadcrumb\"},\"inLanguage\":\"en-US\",\"potentialAction\":[{\"@type\":\"ReadAction\",\"target\":[\"https:\/\/www.ferrodecont.at\/en\/leistungen\/fe\/\"]}]},{\"@type\":\"BreadcrumbList\",\"@id\":\"https:\/\/www.ferrodecont.at\/en\/leistungen\/fe\/#breadcrumb\",\"itemListElement\":[{\"@type\":\"ListItem\",\"position\":1,\"name\":\"Home\",\"item\":\"https:\/\/www.ferrodecont.at\/en\/\"},{\"@type\":\"ListItem\",\"position\":2,\"name\":\"Business activities\",\"item\":\"https:\/\/www.ferrodecont.at\/en\/leistungen\/\"},{\"@type\":\"ListItem\",\"position\":3,\"name\":\"R&#038;D\"}]},{\"@type\":\"WebSite\",\"@id\":\"https:\/\/www.ferrodecont.at\/#website\",\"url\":\"https:\/\/www.ferrodecont.at\/\",\"name\":\"ferroDECONT\",\"description\":\"Eine weitere WordPress-Seite\",\"potentialAction\":[{\"@type\":\"SearchAction\",\"target\":{\"@type\":\"EntryPoint\",\"urlTemplate\":\"https:\/\/www.ferrodecont.at\/?s={search_term_string}\"},\"query-input\":{\"@type\":\"PropertyValueSpecification\",\"valueRequired\":true,\"valueName\":\"search_term_string\"}}],\"inLanguage\":\"en-US\"}]}<\/script>\n<!-- \/ Yoast SEO plugin. -->","yoast_head_json":{"title":"R&D - ferroDECONT","robots":{"index":"index","follow":"follow","max-snippet":"max-snippet:-1","max-image-preview":"max-image-preview:large","max-video-preview":"max-video-preview:-1"},"canonical":"https:\/\/www.ferrodecont.at\/en\/leistungen\/fe\/","og_locale":"en_US","og_type":"article","og_title":"R&D - ferroDECONT","og_description":"[vc_row][vc_column][vc_column_text] As a spin-off company of the Montanuniversitaet Leoben with close connections to the university research area, our work shows a high degree of innovation, which benefits our customers, especially in the context of closing the cycle for specific problem solutions. \u00a0 Since 2013 we have been involved in eight university research projects (FFG, KPC, &hellip;","og_url":"https:\/\/www.ferrodecont.at\/en\/leistungen\/fe\/","og_site_name":"ferroDECONT","article_modified_time":"2021-02-17T12:33:41+00:00","twitter_misc":{"Est. reading time":"3 minutes"},"schema":{"@context":"https:\/\/schema.org","@graph":[{"@type":"WebPage","@id":"https:\/\/www.ferrodecont.at\/en\/leistungen\/fe\/","url":"https:\/\/www.ferrodecont.at\/en\/leistungen\/fe\/","name":"R&D - ferroDECONT","isPartOf":{"@id":"https:\/\/www.ferrodecont.at\/#website"},"datePublished":"2020-03-03T10:10:31+00:00","dateModified":"2021-02-17T12:33:41+00:00","breadcrumb":{"@id":"https:\/\/www.ferrodecont.at\/en\/leistungen\/fe\/#breadcrumb"},"inLanguage":"en-US","potentialAction":[{"@type":"ReadAction","target":["https:\/\/www.ferrodecont.at\/en\/leistungen\/fe\/"]}]},{"@type":"BreadcrumbList","@id":"https:\/\/www.ferrodecont.at\/en\/leistungen\/fe\/#breadcrumb","itemListElement":[{"@type":"ListItem","position":1,"name":"Home","item":"https:\/\/www.ferrodecont.at\/en\/"},{"@type":"ListItem","position":2,"name":"Business activities","item":"https:\/\/www.ferrodecont.at\/en\/leistungen\/"},{"@type":"ListItem","position":3,"name":"R&#038;D"}]},{"@type":"WebSite","@id":"https:\/\/www.ferrodecont.at\/#website","url":"https:\/\/www.ferrodecont.at\/","name":"ferroDECONT","description":"Eine weitere WordPress-Seite","potentialAction":[{"@type":"SearchAction","target":{"@type":"EntryPoint","urlTemplate":"https:\/\/www.ferrodecont.at\/?s={search_term_string}"},"query-input":{"@type":"PropertyValueSpecification","valueRequired":true,"valueName":"search_term_string"}}],"inLanguage":"en-US"}]}},"_links":{"self":[{"href":"https:\/\/www.ferrodecont.at\/en\/wp-json\/wp\/v2\/pages\/1883","targetHints":{"allow":["GET"]}}],"collection":[{"href":"https:\/\/www.ferrodecont.at\/en\/wp-json\/wp\/v2\/pages"}],"about":[{"href":"https:\/\/www.ferrodecont.at\/en\/wp-json\/wp\/v2\/types\/page"}],"author":[{"embeddable":true,"href":"https:\/\/www.ferrodecont.at\/en\/wp-json\/wp\/v2\/users\/3"}],"replies":[{"embeddable":true,"href":"https:\/\/www.ferrodecont.at\/en\/wp-json\/wp\/v2\/comments?post=1883"}],"version-history":[{"count":13,"href":"https:\/\/www.ferrodecont.at\/en\/wp-json\/wp\/v2\/pages\/1883\/revisions"}],"predecessor-version":[{"id":2345,"href":"https:\/\/www.ferrodecont.at\/en\/wp-json\/wp\/v2\/pages\/1883\/revisions\/2345"}],"up":[{"embeddable":true,"href":"https:\/\/www.ferrodecont.at\/en\/wp-json\/wp\/v2\/pages\/1908"}],"wp:attachment":[{"href":"https:\/\/www.ferrodecont.at\/en\/wp-json\/wp\/v2\/media?parent=1883"}],"curies":[{"name":"wp","href":"https:\/\/api.w.org\/{rel}","templated":true}]}}